{"id":105,"date":"2013-04-07T10:20:03","date_gmt":"2013-04-07T09:20:03","guid":{"rendered":"http:\/\/www.peternowfel.com\/?page_id=105"},"modified":"2018-03-24T15:28:26","modified_gmt":"2018-03-24T14:28:26","slug":"compositeur","status":"publish","type":"page","link":"https:\/\/www.peternowfel.com\/?page_id=105","title":{"rendered":"[:fr]Compositeur[:en]Composer[:]"},"content":{"rendered":"<p>[:fr]<img data-recalc-dims=\"1\" loading=\"lazy\" decoding=\"async\" class=\"wp-image-149 alignleft\" src=\"https:\/\/i0.wp.com\/www.peternowfel.com\/wp-content\/uploads\/2013\/04\/Score.jpg?resize=315%2C148&#038;ssl=1\" alt=\"Score\" width=\"315\" height=\"148\" srcset=\"https:\/\/i0.wp.com\/www.peternowfel.com\/wp-content\/uploads\/2013\/04\/Score.jpg?w=450&amp;ssl=1 450w, https:\/\/i0.wp.com\/www.peternowfel.com\/wp-content\/uploads\/2013\/04\/Score.jpg?resize=300%2C140&amp;ssl=1 300w, https:\/\/i0.wp.com\/www.peternowfel.com\/wp-content\/uploads\/2013\/04\/Score.jpg?resize=250%2C117&amp;ssl=1 250w\" sizes=\"auto, (max-width: 315px) 100vw, 315px\" \/><\/p>\n<p>Peter NOWFEL a \u00e9t\u00e9 commissionn\u00e9 pour la cr\u00e9ation mondiale de \u00ab\u202fEx Vox\u202f\u00bb cinq mouvements pour ch\u0153ur et orchestre de chambre. \u202f Plus r\u00e9cemment, il a compos\u00e9 le bien re\u00e7u \u2018Fanfare Planiolaise.\u2019<\/p>\n<p>Un arrangeur prolifique responsable de tous les r\u00e9pertoires de l&rsquo;Harmonie et de la Cam\u00e9rata. Il a r\u00e9cemment travaill\u00e9 \u2018Le Vent Dans Mes Ailes,\u2019 \u2018Les Sentinelles de l\u2019Air\u2019 et \u2018 Daft Punk.<\/p>\n<p>Il est fier de composer avec le logiciel de <a href=\"http:\/\/www.sibelius.com\">Sibelius<\/a>.[:en]<img data-recalc-dims=\"1\" loading=\"lazy\" decoding=\"async\" class=\"wp-image-149 alignleft\" alt=\"Score\" src=\"https:\/\/i0.wp.com\/www.peternowfel.com\/wp-content\/uploads\/2013\/04\/Score.jpg?resize=315%2C148&#038;ssl=1\" width=\"315\" height=\"148\" srcset=\"https:\/\/i0.wp.com\/www.peternowfel.com\/wp-content\/uploads\/2013\/04\/Score.jpg?w=450&amp;ssl=1 450w, https:\/\/i0.wp.com\/www.peternowfel.com\/wp-content\/uploads\/2013\/04\/Score.jpg?resize=300%2C140&amp;ssl=1 300w, https:\/\/i0.wp.com\/www.peternowfel.com\/wp-content\/uploads\/2013\/04\/Score.jpg?resize=250%2C117&amp;ssl=1 250w\" sizes=\"auto, (max-width: 315px) 100vw, 315px\" \/><\/p>\n<p style=\"text-align: justify;\">Peter Nowfel was commissioned by the Philom\u00e8le Choir to compose for the world premier of \u2018Ex Vox\u2019 five movements for choir, strings and the renowned tenor soloist Marc MANODRITTA. Other original compositions include &lsquo;Bleu Ciel de Figeac&rsquo; for wind band, and &lsquo;Band of Gold&rsquo; for horn, marimba and wind band. \u00a0Also &lsquo;Vivat,&rsquo; &lsquo;Le Rossignol,&rsquo; and \u00a0&lsquo;Fair Fugue&rsquo; \u00a0for clarinet quartet. \u00a0He is proud to compose with Sibelius Software. \u00a0 The Decazeville based Chorale en Sol Mineur commissioned six string quartet arrangements to celebrate their twentieth anniversary. Other arrangements include \u2018Thriller,\u2019 \u2018West Side Story\u2019 and Dizzy Gillespie\u2019s \u2018Tin Tin Deo\u2019<\/p>\n<p>[:]<\/p>\n","protected":false},"excerpt":{"rendered":"<p>[:fr] Peter NOWFEL a \u00e9t\u00e9 commissionn\u00e9 pour la cr\u00e9ation mondiale de \u00ab\u202fEx Vox\u202f\u00bb cinq mouvements pour ch\u0153ur et orchestre de chambre. \u202f Plus r\u00e9cemment, il a compos\u00e9 le bien re\u00e7u \u2018Fanfare Planiolaise.\u2019 Un arrangeur prolifique responsable de tous les r\u00e9pertoires de l&rsquo;Harmonie et de la Cam\u00e9rata. Il a r\u00e9cemment travaill\u00e9 \u2018Le Vent Dans Mes Ailes,\u2019 [&hellip;]<\/p>\n","protected":false},"author":1,"featured_media":0,"parent":0,"menu_order":0,"comment_status":"closed","ping_status":"closed","template":"","meta":{"jetpack_post_was_ever_published":false,"footnotes":""},"class_list":["post-105","page","type-page","status-publish","hentry"],"jetpack_sharing_enabled":true,"jetpack_shortlink":"https:\/\/wp.me\/P4UgWB-1H","_links":{"self":[{"href":"https:\/\/www.peternowfel.com\/index.php?rest_route=\/wp\/v2\/pages\/105","targetHints":{"allow":["GET"]}}],"collection":[{"href":"https:\/\/www.peternowfel.com\/index.php?rest_route=\/wp\/v2\/pages"}],"about":[{"href":"https:\/\/www.peternowfel.com\/index.php?rest_route=\/wp\/v2\/types\/page"}],"author":[{"embeddable":true,"href":"https:\/\/www.peternowfel.com\/index.php?rest_route=\/wp\/v2\/users\/1"}],"replies":[{"embeddable":true,"href":"https:\/\/www.peternowfel.com\/index.php?rest_route=%2Fwp%2Fv2%2Fcomments&post=105"}],"version-history":[{"count":13,"href":"https:\/\/www.peternowfel.com\/index.php?rest_route=\/wp\/v2\/pages\/105\/revisions"}],"predecessor-version":[{"id":486,"href":"https:\/\/www.peternowfel.com\/index.php?rest_route=\/wp\/v2\/pages\/105\/revisions\/486"}],"wp:attachment":[{"href":"https:\/\/www.peternowfel.com\/index.php?rest_route=%2Fwp%2Fv2%2Fmedia&parent=105"}],"curies":[{"name":"wp","href":"https:\/\/api.w.org\/{rel}","templated":true}]}}