{"id":2,"date":"2011-12-24T21:20:36","date_gmt":"2011-12-24T21:20:36","guid":{"rendered":"http:\/\/www.peternowfel.com\/?page_id=2"},"modified":"2018-03-24T16:08:35","modified_gmt":"2018-03-24T15:08:35","slug":"sample-page","status":"publish","type":"page","link":"https:\/\/www.peternowfel.com\/","title":{"rendered":"[:fr]Accueil[:en]Home[:]"},"content":{"rendered":"<p>[:fr]<figure id=\"attachment_27\" aria-describedby=\"caption-attachment-27\" style=\"width: 192px\" class=\"wp-caption alignleft\"><a href=\"https:\/\/i0.wp.com\/www.peternowfel.com\/wp-content\/uploads\/2013\/04\/HarmonieConduct2.png?ssl=1\"><img data-recalc-dims=\"1\" loading=\"lazy\" decoding=\"async\" class=\" wp-image-27 \" src=\"https:\/\/i0.wp.com\/www.peternowfel.com\/wp-content\/uploads\/2013\/04\/HarmonieConduct2.png?resize=192%2C240&#038;ssl=1\" alt=\"Conducting the Harmonie de Figeac\" width=\"192\" height=\"240\" srcset=\"https:\/\/i0.wp.com\/www.peternowfel.com\/wp-content\/uploads\/2013\/04\/HarmonieConduct2.png?resize=240%2C300&amp;ssl=1 240w, https:\/\/i0.wp.com\/www.peternowfel.com\/wp-content\/uploads\/2013\/04\/HarmonieConduct2.png?w=400&amp;ssl=1 400w\" sizes=\"auto, (max-width: 192px) 100vw, 192px\" \/><\/a><figcaption id=\"caption-attachment-27\" class=\"wp-caption-text\">Concert du Printemps<\/figcaption><\/figure><\/p>\n<blockquote><p>Peter Nowf\u00e8l est domicili\u00e9 dans l\u2019Occitanie o\u00f9 il \u0153uvre r\u00e9guli\u00e8rement. \u00a0Il est directeur musical de<a href=\"http:\/\/www.harmonie-figeac.com\/\"> l\u2019Harmonie des Artisans R\u00e9unis de Figeac<\/a> qui f\u00eate cette ann\u00e9e son 130\u00e8me anniversaire. En 2012, il a fond\u00e9 l&rsquo;ensemble de chambre plus classique, Cam\u00e9rata de Figeac, et ensuite le Ch\u0153ur de Figeac fort d\u2019une soixantaine de choristes en 2014. FigeacVoix a \u00e9t\u00e9 fond\u00e9 en septembre 2017 sous sa direction et avec le g\u00e9n\u00e9reux soutien de la ville de Figeac. Il r\u00e9pond \u00e0 l&rsquo;appel d&rsquo;un petit ensemble vocal mixte et \u00e0 capella qui vise haut.<\/p>\n<p>&nbsp;<\/p>\n<p>En Juin 2016 Peter Nowfel a dirig\u00e9 le Ch\u0153ur de Figeac avec le ch\u0153ur et l&rsquo;orchestre symphonique de Blue Lake Michigan dans un spectacle de gala du Stabat Mater de Dvorak. Deux cents artistes sur sc\u00e8ne et l&rsquo;Espace Mitterrand \u00e0 guichets ferm\u00e9s.<\/p>\n<p>&nbsp;<\/p>\n<p>De fa\u00e7on hebdomadaire, Peter Nowf\u00e8l a le plaisir donc d\u2019\u00eatre responsable pour les r\u00e9p\u00e9titions de pr\u00e8s de cent cinquante musiciens ou choristes \u00e0 travers l\u2019Aveyron et le Lot. Il a interpr\u00e9t\u00e9 des concerts aux lieux aussi divers que les cath\u00e9drales d\u2019Aix-en-Provence et Cahors, les auditoriums de Rodez, Figeac et Cahors, presque toutes les \u00e9glises dans la r\u00e9gion du grand Figeac et m\u00eame dans son jardin dans le Causse et Di\u00e8ge.<\/p>\n<p>&nbsp;<\/p>\n<p>Une saison \u00e9toff\u00e9e des concerts est pr\u00e9vue pour 2018 \u2013 2019 ci inclus entre autres, une collaboration pour un concert Cin\u00e9-Musique entre l\u2019Harmonie et les \u00e9tudiants de l\u2019IUT. Le Ch\u0153ur de Figeac accompagn\u00e9 par les musiciens de Cam\u00e9rata pr\u00e9senteront les messes de Vierne et Heinichen et l\u2019ensemble vocal FigeacVoix pr\u00e9sentera son premier concert public dans l&rsquo;auditorium nouvellement construit \u00e0 Figeac.<\/p>\n<p>&nbsp;<\/p>\n<p>Originaire de Londres, Peter Nowf\u00e8l est fier de ses liens artistiques avec\u00a0la ville de Figeac.<\/p><\/blockquote>\n<p>[:en]<figure id=\"attachment_27\" aria-describedby=\"caption-attachment-27\" style=\"width: 192px\" class=\"wp-caption alignleft\"><a href=\"https:\/\/i0.wp.com\/www.peternowfel.com\/wp-content\/uploads\/2013\/04\/HarmonieConduct2.png?ssl=1\"><img data-recalc-dims=\"1\" loading=\"lazy\" decoding=\"async\" class=\" wp-image-27 \" src=\"https:\/\/i0.wp.com\/www.peternowfel.com\/wp-content\/uploads\/2013\/04\/HarmonieConduct2.png?resize=192%2C240&#038;ssl=1\" alt=\"Conducting the Harmonie de Figeac\" width=\"192\" height=\"240\" srcset=\"https:\/\/i0.wp.com\/www.peternowfel.com\/wp-content\/uploads\/2013\/04\/HarmonieConduct2.png?resize=240%2C300&amp;ssl=1 240w, https:\/\/i0.wp.com\/www.peternowfel.com\/wp-content\/uploads\/2013\/04\/HarmonieConduct2.png?w=400&amp;ssl=1 400w\" sizes=\"auto, (max-width: 192px) 100vw, 192px\" \/><\/a><figcaption id=\"caption-attachment-27\" class=\"wp-caption-text\">Spring Concert<\/figcaption><\/figure><\/p>\n<p style=\"text-align: justify;\">Peter Nowfel performs regularly in France. He is conductor of the <a href=\"http:\/\/www.harmonie-figeac.com\" target=\"_blank\">Harmonie des Artisans R\u00e9unis de Figeac <\/a>and the choir <a href=\"http:\/\/http:\/\/choeurdemontbazens.com\/\" target=\"_blank\">Ch\u0153ur de Montbazens<\/a>\u00a0&#8211; Euphonie. \u00a0He is equally proud to have founded the sixty strong Choeur de Parisot and the chamber orchestra Camerata.<\/p>\n<p style=\"text-align: justify;\">Recent performances include the much acclaimed concert \u00a0of the Figeac Harmonie in the Espace Mitterrand, a choir and organ concert to celebrate the National Organ Day and collaborations with the Harmonies of Cahors and Bourges.<\/p>\n<p style=\"text-align: justify;\">A season of over forty five concerts is scheduled for 2014 including a flute and piano recital with Mireille Bougon and a collaboration with the Blue Lake Harmonie from the United States.<\/p>\n<p style=\"text-align: justify;\">Since arriving in the Aveyron in November 2010, Peter Nowfel has sung with several groups most notably the Ch\u0153ur D\u00e9partemental de l&rsquo;Aveyron with Jean-Pierre Cau and <a href=\"http:\/\/www.voicesleschoeurs.com\/\" target=\"_blank\">Voices<\/a> with Julie Gibergues. \u00a0He plays flute with the <a href=\"http:\/\/www.harmoniegrandcahors.com\/\" target=\"_blank\">Harmonie du Grand Cahors<\/a>\u00a0and the\u00a0Harmonie D\u00e9partemental du Lot.. \u00a0Concert venues are as diverse as the cathedral at Aix en Provence, l&rsquo;Espace Mitterrand at Figeac and the church of Cassanus.<\/p>\n<p style=\"text-align: justify;\"><a href=\"http:\/\/www.choeurdefigeac.com\" target=\"_blank\">www.choeurdefigeac.com<\/a><\/p>\n<p>[:]<\/p>\n","protected":false},"excerpt":{"rendered":"<p>[:fr] Peter Nowf\u00e8l est domicili\u00e9 dans l\u2019Occitanie o\u00f9 il \u0153uvre r\u00e9guli\u00e8rement. \u00a0Il est directeur musical de l\u2019Harmonie des Artisans R\u00e9unis de Figeac qui f\u00eate cette ann\u00e9e son 130\u00e8me anniversaire. En 2012, il a fond\u00e9 l&rsquo;ensemble de chambre plus classique, Cam\u00e9rata de Figeac, et ensuite le Ch\u0153ur de Figeac fort d\u2019une soixantaine de choristes en 2014. [&hellip;]<\/p>\n","protected":false},"author":1,"featured_media":16,"parent":0,"menu_order":0,"comment_status":"closed","ping_status":"closed","template":"","meta":{"jetpack_post_was_ever_published":false,"footnotes":""},"class_list":["post-2","page","type-page","status-publish","has-post-thumbnail","hentry"],"jetpack_sharing_enabled":true,"jetpack_shortlink":"https:\/\/wp.me\/P4UgWB-2","_links":{"self":[{"href":"https:\/\/www.peternowfel.com\/index.php?rest_route=\/wp\/v2\/pages\/2","targetHints":{"allow":["GET"]}}],"collection":[{"href":"https:\/\/www.peternowfel.com\/index.php?rest_route=\/wp\/v2\/pages"}],"about":[{"href":"https:\/\/www.peternowfel.com\/index.php?rest_route=\/wp\/v2\/types\/page"}],"author":[{"embeddable":true,"href":"https:\/\/www.peternowfel.com\/index.php?rest_route=\/wp\/v2\/users\/1"}],"replies":[{"embeddable":true,"href":"https:\/\/www.peternowfel.com\/index.php?rest_route=%2Fwp%2Fv2%2Fcomments&post=2"}],"version-history":[{"count":52,"href":"https:\/\/www.peternowfel.com\/index.php?rest_route=\/wp\/v2\/pages\/2\/revisions"}],"predecessor-version":[{"id":507,"href":"https:\/\/www.peternowfel.com\/index.php?rest_route=\/wp\/v2\/pages\/2\/revisions\/507"}],"wp:featuredmedia":[{"embeddable":true,"href":"https:\/\/www.peternowfel.com\/index.php?rest_route=\/wp\/v2\/media\/16"}],"wp:attachment":[{"href":"https:\/\/www.peternowfel.com\/index.php?rest_route=%2Fwp%2Fv2%2Fmedia&parent=2"}],"curies":[{"name":"wp","href":"https:\/\/api.w.org\/{rel}","templated":true}]}}