{"id":6,"date":"2013-04-04T09:22:26","date_gmt":"2013-04-04T08:22:26","guid":{"rendered":"http:\/\/www.peternowfel.com\/?page_id=6"},"modified":"2018-03-24T16:47:21","modified_gmt":"2018-03-24T15:47:21","slug":"press-releases","status":"publish","type":"page","link":"https:\/\/www.peternowfel.com\/?page_id=6","title":{"rendered":"[:fr]Presse[:en]undefinedPress[:]"},"content":{"rendered":"<p>[:fr]<\/p>\n<h3 class=\"title_article\"><\/h3>\n<h3 class=\"title_article\"><a href=\"https:\/\/www.ladepeche.fr\/article\/2018\/03\/04\/2752800-le-choeur-prepare-son-repertoire.html\">Le ch\u0153ur pr\u00e9pare son r\u00e9pertoire<\/a><\/h3>\n<blockquote><p><em><strong>Dimanche dernier, la salle Roger Laval, de l&rsquo;\u00e9cole intercommunale de musique de\u00a0<a href=\"https:\/\/www.ladepeche.fr\/communes\/figeac,46102.html\">Figeac<\/a>(ancien CES), accueillait dans ses murs flambant neufs, les choristes du Ch\u0153ur de Figeac et les musiciens de l&rsquo;ensemble Cam\u00e9rata, &#8230;<\/strong><\/em><\/p>\n<p>La D\u00e9p\u00eache\u00a004\/03\/2018<\/p>\n<p>&nbsp;<\/p><\/blockquote>\n<h3 class=\"title_article\"><a href=\"https:\/\/www.ladepeche.fr\/article\/2017\/06\/07\/2588886-le-choeur-de-figeac-a-la-cathedrale.html\">Le Ch\u0153ur de Figeac \u00e0 la cath\u00e9drale<\/a><\/h3>\n<blockquote><p><em><strong>Apr\u00e8s l&rsquo;ouverture du \u00abFestival des Artistes\u00bb \u00e0 l&rsquo;abbaye de Marcilhac sur C\u00e9l\u00e9 et le concert en l&rsquo;\u00e9glise du Puy les 20 et 21 mai dernier, les 60 choristes du Ch\u0153ur de Figeac et les&#8230;<\/strong><\/em><\/p>\n<p style=\"text-align: left;\"><span class=\"st\"><em>La D\u00e9p\u00eache<\/em><\/span> 7\/06\/20175<\/p>\n<\/blockquote>\n<h3 class=\"title_article\"><a href=\"https:\/\/www.ladepeche.fr\/article\/2017\/05\/08\/2570433-l-harmonie-au-diapason.html\">L&rsquo;Harmonie au diapason\u00a0<\/a><\/h3>\n<p><span class=\"st\"><em>La D\u00e9p\u00eache<\/em><\/span> 08\/05\/2017<\/p>\n<p>&nbsp;<\/p>\n<h3 class=\"title_article\"><a href=\"https:\/\/www.ladepeche.fr\/article\/2016\/12\/08\/2474374-le-choeur-de-figeac-reveille-les-pierres-de-balene.html\">Le ch\u0153ur de Figeac r\u00e9veille les pierres de Bal\u00e8ne<\/a><\/h3>\n<p><em>La D\u00e9p\u00eache<\/em> 08\/05\/2017<\/p>\n<h3 class=\"title_article\">Ch\u0153ur de Figeac : L&rsquo;Ovation<\/h3>\n<blockquote><p><em><b>Pour certains, <\/b><b>l\u2019\u00e9motion \u00e9tait palpable<\/b><b>. Les cho<\/b><b>r<\/b><b>istes <\/b><b>et l&rsquo;orchestre de chambre, Cam\u00e9rata <\/b><b>ont une fois de plus remport\u00e9 un v\u00e9ritable succ\u00e8s, les vo\u00fbtes de l&rsquo;\u00e9glise m\u00e9di\u00e9vale vibrant sous les applaudissements. Certains auditeurs avouaient m\u00eame avoir les larmes aux yeux, en entendant le nouveau r\u00e9pertoire dirig\u00e9 par le directeur musicale Peter Nowfel.<\/b><\/em><\/p><\/blockquote>\n<p><a href=\"https:\/\/i0.wp.com\/www.peternowfel.com\/wp-content\/uploads\/2016\/05\/LaDepeche20Jan16.png?ssl=1\"><img data-recalc-dims=\"1\" loading=\"lazy\" decoding=\"async\" class=\"alignnone size-medium wp-image-355\" src=\"https:\/\/i0.wp.com\/www.peternowfel.com\/wp-content\/uploads\/2016\/05\/LaDepeche20Jan16.png?resize=262%2C300&#038;ssl=1\" alt=\"LaDepeche20Jan16\" width=\"262\" height=\"300\" srcset=\"https:\/\/i0.wp.com\/www.peternowfel.com\/wp-content\/uploads\/2016\/05\/LaDepeche20Jan16.png?resize=262%2C300&amp;ssl=1 262w, https:\/\/i0.wp.com\/www.peternowfel.com\/wp-content\/uploads\/2016\/05\/LaDepeche20Jan16.png?resize=250%2C286&amp;ssl=1 250w, https:\/\/i0.wp.com\/www.peternowfel.com\/wp-content\/uploads\/2016\/05\/LaDepeche20Jan16.png?w=578&amp;ssl=1 578w\" sizes=\"auto, (max-width: 262px) 100vw, 262px\" \/><\/a><\/p>\n<p class=\"title_article\">\u00a0 <span class=\"st\"><em>La D\u00e9p\u00eache<\/em><\/span> 20\/01\/2016<\/p>\n<h3 class=\"title_article\">Concert \u00e0 Figeac 29\/11\/2016<\/h3>\n<h3 class=\"title_article\"><a href=\"https:\/\/i0.wp.com\/www.peternowfel.com\/wp-content\/uploads\/2016\/05\/Concert-29-11edit.jpg?ssl=1\"><img data-recalc-dims=\"1\" loading=\"lazy\" decoding=\"async\" class=\"alignnone size-medium wp-image-356\" src=\"https:\/\/i0.wp.com\/www.peternowfel.com\/wp-content\/uploads\/2016\/05\/Concert-29-11edit.jpg?resize=292%2C300&#038;ssl=1\" alt=\"Concert 29 11edit\" width=\"292\" height=\"300\" srcset=\"https:\/\/i0.wp.com\/www.peternowfel.com\/wp-content\/uploads\/2016\/05\/Concert-29-11edit.jpg?resize=292%2C300&amp;ssl=1 292w, https:\/\/i0.wp.com\/www.peternowfel.com\/wp-content\/uploads\/2016\/05\/Concert-29-11edit.jpg?resize=250%2C257&amp;ssl=1 250w, https:\/\/i0.wp.com\/www.peternowfel.com\/wp-content\/uploads\/2016\/05\/Concert-29-11edit.jpg?w=555&amp;ssl=1 555w\" sizes=\"auto, (max-width: 292px) 100vw, 292px\" \/><\/a><\/h3>\n<blockquote>\n<p class=\"title_article\"><em><b>Ce groupe fort de 70 chanteuses et chanteurs, qui vient de s\u2019enrichir de 30 voix d\u2019hommes de talent, et dirig\u00e9 de main de ma\u00eetre par Peter Nowfel, a subjugu\u00e9 l\u2019auditoire avec ses nombreuse interpr\u00e9tations. Pour preuve, la salle \u00e9tait trop petite pour accueillir tout le monde.<\/b><\/em><\/p>\n<\/blockquote>\n<p class=\"title_article\"><span class=\"st\"><em>La D\u00e9p\u00eache<\/em><\/span> 29\/11\/2015<\/p>\n<h3 class=\"title_article\"><a href=\"http:\/\/www.ladepeche.fr\/article\/2015\/12\/07\/2232872-salle-comble-pour-le-choeur-de-figeac-et-camerata.html\" target=\"_blank\" rel=\"noopener\">Salle comble pour le Ch\u0153ur de Figeac et Cam\u00e9rata<\/a><\/h3>\n<p class=\"title_article\">Accompagn\u00e9 par les musiciens de Cam\u00e9rata, le Ch\u0153ur de Figeac donnait un concert dimanche 29 novembre \u00e0 15 heures dans la salle culturelle la halle, \u00e0 Limogne. Salle comble, plus aucun fauteuil disponible pour \u00e9couter ce concert exceptionnel.<\/p>\n<p class=\"title_article\"><span class=\"st\"><em>La D\u00e9p\u00eache<\/em><\/span> 07\/12\/2015<\/p>\n<h3 class=\"title_article\"><a href=\"http:\/\/www.antenne-d-oc.fr\/\" target=\"_blank\" rel=\"noopener\">Entrevue avec Antenne d&rsquo;Oc<\/a><\/h3>\n<!--[if lt IE 9]><script>document.createElement('audio');<\/script><![endif]-->\n<audio class=\"wp-audio-shortcode\" id=\"audio-6-1\" preload=\"none\" style=\"width: 100%;\" controls=\"controls\"><source type=\"audio\/mpeg\" src=\"https:\/\/www.peternowfel.com\/wp-content\/uploads\/2015\/11\/151113-Harmonie.mp3?_=1\" \/><a href=\"https:\/\/www.peternowfel.com\/wp-content\/uploads\/2015\/11\/151113-Harmonie.mp3\">https:\/\/www.peternowfel.com\/wp-content\/uploads\/2015\/11\/151113-Harmonie.mp3<\/a><\/audio>\n<h3 class=\"title_article\"><\/h3>\n<h3 class=\"title_article\"><a href=\"http:\/\/www.ladepeche.fr\/article\/2015\/11\/28\/2226317-apres-limogne-choeur-figeac-revient-ville-nouveau-repertoire.html\" target=\"_blank\" rel=\"noopener\">Apr\u00e8s Limogne, le Ch\u0153ur de Figeac revient dans sa ville avec un nouveau r\u00e9pertoire<\/a><\/h3>\n<p>Demain dimanche 29 novembre \u00e0 15 heures, le ch\u0153ur de <a href=\"http:\/\/www.ladepeche.fr\/communes\/figeac,46102.html\">Figeac<\/a> se produira sur la sc\u00e8ne de la halle, \u00e0 Limogne, accompagn\u00e9 des musiciens de Camerata.<\/p>\n<p><span class=\"st\"><em>La D\u00e9p\u00eache<\/em><\/span> 29\/11\/2015<\/p>\n<h3 class=\"title_article\"><a href=\"http:\/\/www.ladepeche.fr\/article\/2015\/11\/28\/2226542-le-choeur-de-figeac-donne-de-la-voix-demain.html\" target=\"_blank\" rel=\"noopener\">Le Ch\u0153ur de Figeac donne de la voix demain<\/a><\/h3>\n<p>Accompagn\u00e9 par les musiciens de Cam\u00e9rata, le Ch\u0153ur de Figeac se produira en concert, en l&rsquo;\u00e9glise de Limogne, ce dimanche 29 novembre \u00e0 15 heures. Un programme int\u00e9ressant et vari\u00e9 est pr\u00e9vu : Tomas Luis De Victooria, O Magnum Mysterium, L\u00e9onard Cohen, Hallelujah, Sergei Rachmaninov, Bogoroditse Dievo.<\/p>\n<p><span class=\"st\"><em>La D\u00e9p\u00eache<\/em><\/span> 29\/11\/2015<\/p>\n<h3><a style=\"font-size: 1.17em;\" href=\"http:\/\/www.ladepeche.fr\/article\/2012\/12\/14\/1514337-parisot-christmas-carols-en-l-eglise.html\" target=\"_blank\" rel=\"noopener\">Parisot. \u00abChristmas Carols\u00bb en l&rsquo;\u00e9glise<\/a><\/h3>\n<p>Dimanche 16 d\u00e9cembre \u00e0 17 heures, aura lieu la c\u00e9l\u00e9bration des \u00abChristmas Carols\u00bb en l&rsquo;\u00e9glise Saint-And\u00e9ol (chants de No\u00ebl traditionnellement anglais, mais \u00e0 l&rsquo;occasion en plusieurs langues, entrecoup\u00e9s de lectures bibliques). C&rsquo;est donc le tout jeune Ch\u0153ur de Parisot, fort de cinquante choristes, avec sept musiciens de la Camerata de Figeac, qui animera ce bel apr\u00e8s-midi avec, n&rsquo;en doutons pas, talent et enthousiasme&#8230;.<br \/>\nLa D\u00e9p\u00eache 14\/12\/2012<\/p>\n<h3><a href=\"http:\/\/cfmradio.fr\/podcast\/le-choeur-de-parisot-chante-des-christmas-carols\/\">Radio Interview CFM Replay<\/a><\/h3>\n<h3><a href=\"http:\/\/www.ladepeche.fr\/article\/2012\/12\/08\/1508851-cajarc-concert-du-ch-ur-de-parisot.html\" target=\"_blank\" rel=\"noopener\">Cajarc. Concert du Ch\u0153ur de Parisot<\/a><\/h3>\n<p>Le Ch\u0153ur de Parisot donnera un concert ce dimanche \u00e0 16 heures \u00e0 l&rsquo;\u00e9glise de Cajarc&#8230;.<br \/>\nLa D\u00e9p\u00eache 09\/12\/2012<\/p>\n<h3><a href=\"http:\/\/www.ladepeche.fr\/article\/2012\/05\/19\/1357210-capdenac-gare-peter-le-nouveau-chef-de-ch-ur.html\" target=\"_blank\" rel=\"noopener\">Capdenac-Gare. Peter, le nouveau chef de ch\u0153ur<\/a><\/h3>\n<p>La chorale Accroch&rsquo;Ch\u0153ur de la cit\u00e9 cheminote vous convie vendredi 25 mai, \u00e0 20 h 30, \u00e0 la salle Atmosph\u00e8re, au concert qui ouvrira les r\u00e9jouissances de Festirail 2012&#8230;<br \/>\nLa D\u00e9p\u00eache\u00a019\/05\/2012<\/p>\n<h3><a href=\"http:\/\/www.ladepeche.fr\/article\/2012\/11\/16\/1490720-figeac-l-harmonie-une-centenaire-energique.html\" target=\"_blank\" rel=\"noopener\">Figeac. L&rsquo;harmonie : une centenaire \u00e9nergique<br \/>\nASSOCIATION<\/a><\/h3>\n<p>Les concerts au kiosque sont un des rendez-vous de printemps.\/ Photo DDM<br \/>\nPlus que centenaire puisqu&rsquo;elle f\u00eate cette ann\u00e9e ses 125 ans, l&rsquo;harmonie de Figeac, Les Artisans R\u00e9unis, reste dynamique. C&rsquo;est ce qu&rsquo;ont dit Pierre Maigne et Peter Nowfel, l&rsquo;ancien et le nouveau directeur, vendredi dernier avant la r\u00e9p\u00e9tition. \u00abL&rsquo;harmonie se porte de mieux en mieux, pr\u00e8s de 35 musiciens nous ont rejoints, beaucoup de nouveaux mais aussi des anciens qui sont revenus partager notre passion\u00bb, dit le directeur&#8230;.<br \/>\nLa D\u00e9p\u00eache 16\/11\/2012[:en]undefined<\/p>\n<h3><a style=\"font-size: 1.17em;\" href=\"http:\/\/www.ladepeche.fr\/article\/2012\/12\/14\/1514337-parisot-christmas-carols-en-l-eglise.html\" target=\"_blank\">Parisot. \u00abChristmas Carols\u00bb en l&rsquo;\u00e9glise<\/a><\/h3>\n<p>Dimanche 16 d\u00e9cembre \u00e0 17 heures, aura lieu la c\u00e9l\u00e9bration des \u00abChristmas Carols\u00bb en l&rsquo;\u00e9glise Saint-And\u00e9ol (chants de No\u00ebl traditionnellement anglais, mais \u00e0 l&rsquo;occasion en plusieurs langues, entrecoup\u00e9s de lectures bibliques). C&rsquo;est donc le tout jeune Ch\u0153ur de Parisot, fort de cinquante choristes, avec sept musiciens de la Camerata de Figeac, qui animera ce bel apr\u00e8s-midi avec, n&rsquo;en doutons pas, talent et enthousiasme&#8230;.<br \/>\nLa D\u00e9p\u00eache 14\/12\/2012<\/p>\n<h3><a href=\"http:\/\/cfmradio.fr\/podcast\/le-choeur-de-parisot-chante-des-christmas-carols\/\">Radio Interview CFM Replay<\/a><\/h3>\n<h3><a href=\"http:\/\/www.ladepeche.fr\/article\/2012\/12\/08\/1508851-cajarc-concert-du-ch-ur-de-parisot.html\" target=\"_blank\">Cajarc. Concert du Ch\u0153ur de Parisot<\/a><\/h3>\n<p>Le Ch\u0153ur de Parisot donnera un concert ce dimanche \u00e0 16 heures \u00e0 l&rsquo;\u00e9glise de Cajarc&#8230;.<br \/>\nLa D\u00e9p\u00eache 09\/12\/2012<\/p>\n<h3><a href=\"http:\/\/www.ladepeche.fr\/article\/2012\/05\/19\/1357210-capdenac-gare-peter-le-nouveau-chef-de-ch-ur.html\" target=\"_blank\">Capdenac-Gare. Peter, le nouveau chef de ch\u0153ur<\/a><\/h3>\n<p>La chorale Accroch&rsquo;Ch\u0153ur de la cit\u00e9 cheminote vous convie vendredi 25 mai, \u00e0 20 h 30, \u00e0 la salle Atmosph\u00e8re, au concert qui ouvrira les r\u00e9jouissances de Festirail 2012&#8230;<br \/>\nLa D\u00e9p\u00eache\u00a019\/05\/2012<\/p>\n<h3><a href=\"http:\/\/www.ladepeche.fr\/article\/2012\/11\/16\/1490720-figeac-l-harmonie-une-centenaire-energique.html\" target=\"_blank\">Figeac. L&rsquo;harmonie : une centenaire \u00e9nergique<br \/>\nASSOCIATION<\/a><\/h3>\n<p>Les concerts au kiosque sont un des rendez-vous de printemps.\/ Photo DDM<br \/>\nPlus que centenaire puisqu&rsquo;elle f\u00eate cette ann\u00e9e ses 125 ans, l&rsquo;harmonie de Figeac, Les Artisans R\u00e9unis, reste dynamique. C&rsquo;est ce qu&rsquo;ont dit Pierre Maigne et Peter Nowfel, l&rsquo;ancien et le nouveau directeur, vendredi dernier avant la r\u00e9p\u00e9tition. \u00abL&rsquo;harmonie se porte de mieux en mieux, pr\u00e8s de 35 musiciens nous ont rejoints, beaucoup de nouveaux mais aussi des anciens qui sont revenus partager notre passion\u00bb, dit le directeur&#8230;.<br \/>\nLa D\u00e9p\u00eache 16\/11\/2012[:]<\/p>\n","protected":false},"excerpt":{"rendered":"<p>[:fr] Le ch\u0153ur pr\u00e9pare son r\u00e9pertoire Dimanche dernier, la salle Roger Laval, de l&rsquo;\u00e9cole intercommunale de musique de\u00a0Figeac(ancien CES), accueillait dans ses murs flambant neufs, les choristes du Ch\u0153ur de Figeac et les musiciens de l&rsquo;ensemble Cam\u00e9rata, &#8230; La D\u00e9p\u00eache\u00a004\/03\/2018 &nbsp; Le Ch\u0153ur de Figeac \u00e0 la cath\u00e9drale Apr\u00e8s l&rsquo;ouverture du \u00abFestival des Artistes\u00bb \u00e0 [&hellip;]<\/p>\n","protected":false},"author":1,"featured_media":0,"parent":0,"menu_order":1,"comment_status":"closed","ping_status":"closed","template":"","meta":{"jetpack_post_was_ever_published":false,"footnotes":""},"class_list":["post-6","page","type-page","status-publish","hentry"],"jetpack_sharing_enabled":true,"jetpack_shortlink":"https:\/\/wp.me\/P4UgWB-6","_links":{"self":[{"href":"https:\/\/www.peternowfel.com\/index.php?rest_route=\/wp\/v2\/pages\/6","targetHints":{"allow":["GET"]}}],"collection":[{"href":"https:\/\/www.peternowfel.com\/index.php?rest_route=\/wp\/v2\/pages"}],"about":[{"href":"https:\/\/www.peternowfel.com\/index.php?rest_route=\/wp\/v2\/types\/page"}],"author":[{"embeddable":true,"href":"https:\/\/www.peternowfel.com\/index.php?rest_route=\/wp\/v2\/users\/1"}],"replies":[{"embeddable":true,"href":"https:\/\/www.peternowfel.com\/index.php?rest_route=%2Fwp%2Fv2%2Fcomments&post=6"}],"version-history":[{"count":18,"href":"https:\/\/www.peternowfel.com\/index.php?rest_route=\/wp\/v2\/pages\/6\/revisions"}],"predecessor-version":[{"id":528,"href":"https:\/\/www.peternowfel.com\/index.php?rest_route=\/wp\/v2\/pages\/6\/revisions\/528"}],"wp:attachment":[{"href":"https:\/\/www.peternowfel.com\/index.php?rest_route=%2Fwp%2Fv2%2Fmedia&parent=6"}],"curies":[{"name":"wp","href":"https:\/\/api.w.org\/{rel}","templated":true}]}}