{"id":90,"date":"2013-04-07T10:14:05","date_gmt":"2013-04-07T09:14:05","guid":{"rendered":"http:\/\/www.peternowfel.com\/?page_id=90"},"modified":"2018-03-24T15:57:02","modified_gmt":"2018-03-24T14:57:02","slug":"biographie","status":"publish","type":"page","link":"https:\/\/www.peternowfel.com\/?page_id=90","title":{"rendered":"[:fr]Biographie[:en]Biography[:]"},"content":{"rendered":"<p>[:fr]<strong><a href=\"https:\/\/i0.wp.com\/www.peternowfel.com\/wp-content\/uploads\/2018\/03\/17904178_1305632722860494_6452089574893044641_n-4.jpg?ssl=1\"><img data-recalc-dims=\"1\" loading=\"lazy\" decoding=\"async\" class=\"size-full wp-image-494 alignleft\" src=\"https:\/\/i0.wp.com\/www.peternowfel.com\/wp-content\/uploads\/2018\/03\/17904178_1305632722860494_6452089574893044641_n-4.jpg?resize=160%2C160&#038;ssl=1\" alt=\"\" width=\"160\" height=\"160\" srcset=\"https:\/\/i0.wp.com\/www.peternowfel.com\/wp-content\/uploads\/2018\/03\/17904178_1305632722860494_6452089574893044641_n-4.jpg?w=160&amp;ssl=1 160w, https:\/\/i0.wp.com\/www.peternowfel.com\/wp-content\/uploads\/2018\/03\/17904178_1305632722860494_6452089574893044641_n-4.jpg?resize=150%2C150&amp;ssl=1 150w, https:\/\/i0.wp.com\/www.peternowfel.com\/wp-content\/uploads\/2018\/03\/17904178_1305632722860494_6452089574893044641_n-4.jpg?resize=80%2C80&amp;ssl=1 80w\" sizes=\"auto, (max-width: 160px) 100vw, 160px\" \/><\/a>Peter NOWFEL<\/strong><span xml:lang=\"FR-FR\">\u00a0a obtenu un dipl\u00f4me de musique \u00e0 l\u2019universit\u00e9 de Kingston et une licence \u00e0 Guildhall <\/span><span xml:lang=\"FR-FR\">School<\/span><span xml:lang=\"FR-FR\"> of Music de Londres.<\/span><\/p>\n<p style=\"text-align: justify;\"><span xml:lang=\"FR-FR\"> Durant les dix-huit derni\u00e8res ann\u00e9es, il a \u00e9t\u00e9 directeur de musique \u00e0 <\/span><span xml:lang=\"FR-FR\">Shrewsbury House \u00e0 Londres o\u00f9 il a encadr\u00e9 une \u00e9quipe de 25 professeurs de musique et plus de 300 \u00e9tudiants. Il a particip\u00e9 \u00e0 la conception et au suivi de la construction du Matthew <\/span><span xml:lang=\"FR-FR\">Pinsent<\/span><span xml:lang=\"FR-FR\"> Music <\/span><span xml:lang=\"FR-FR\">School<\/span><span xml:lang=\"FR-FR\">, un centre exceptionnel d\u00e9di\u00e9 au th\u00e9\u00e2tre et \u00e0 la musique. <\/span><\/p>\n<p style=\"text-align: justify;\"><span xml:lang=\"FR-FR\">Sir Anthony SELDON <\/span><span xml:lang=\"FR-FR\">l&rsquo;historien<\/span> <span xml:lang=\"FR-FR\">contemporain,<\/span> <span xml:lang=\"FR-FR\">conseiller au<\/span> <span xml:lang=\"FR-FR\">gouvernement Britannique et<\/span> <span xml:lang=\"FR-FR\">commentateur<\/span> <span xml:lang=\"FR-FR\">politique<\/span> <span xml:lang=\"FR-FR\">dit<\/span> <span xml:lang=\"FR-FR\">\u00ab\u202fPeter NOWFEL a eu l&rsquo;honneur de diriger le premier d\u00e9partement de musique dans le Royaume-Uni.\u202f\u00bb <\/span><\/p>\n<p style=\"text-align: justify;\"><span xml:lang=\"FR-FR\">\u202f<\/span><span xml:lang=\"FR-FR\">En 2010, il a commenc\u00e9 une nouvelle aventure en France.\u00a0<\/span><\/p>\n<p style=\"text-align: justify;\">\n<p>[:en]<img data-recalc-dims=\"1\" loading=\"lazy\" decoding=\"async\" class=\"wp-image-17 alignleft\" src=\"https:\/\/i0.wp.com\/www.peternowfel.com\/wp-content\/uploads\/2013\/04\/PeterNowfel.png?resize=207%2C246&#038;ssl=1\" alt=\"PeterNowfel\" width=\"207\" height=\"246\" srcset=\"https:\/\/i0.wp.com\/www.peternowfel.com\/wp-content\/uploads\/2013\/04\/PeterNowfel.png?w=296&amp;ssl=1 296w, https:\/\/i0.wp.com\/www.peternowfel.com\/wp-content\/uploads\/2013\/04\/PeterNowfel.png?resize=252%2C300&amp;ssl=1 252w\" sizes=\"auto, (max-width: 207px) 100vw, 207px\" \/> <em>\u00ab\u00a0Peter Nowfel has been the driving force, the imagination and the motivator behind the remarkable advance of what he has made into an outstanding music school and the envy of many\u00a0\u00bb \u00a0(SHS Magazine 2010)<\/em> Peter Nowfel BA LGSM \u00a0is a music graduate of Kingston University and\u00a0licentiate\u00a0of the Guildhall School of Music. He went on to teach for the Kingston Association for Music Education, The Deutsche Schule London and the Royal Ballet School. \u00a0For the last eighteen years, he was Director of Music at Shrewsbury House where he managed twenty five music staff and three hundred students. \u00a0He oversaw the design and build of the outstanding Matthew Pinsent Theatre and Music Centre. He acted as music director on over one hundred stage productions. \u00a0Standards were high and Peter Nowfel was acclaimed for<em> \u00ab\u00a0running the foremost music department in the UK.\u00a0\u00bb (Dr Anthony Seldon)<\/em> In 2010 he began a new adventure in France.<\/p>\n<p>\u00a0<\/p>\n<p>\u00a0<\/p>\n<p>[:]<\/p>\n","protected":false},"excerpt":{"rendered":"<p>[:fr]Peter NOWFEL\u00a0a obtenu un dipl\u00f4me de musique \u00e0 l\u2019universit\u00e9 de Kingston et une licence \u00e0 Guildhall School of Music de Londres. Durant les dix-huit derni\u00e8res ann\u00e9es, il a \u00e9t\u00e9 directeur de musique \u00e0 Shrewsbury House \u00e0 Londres o\u00f9 il a encadr\u00e9 une \u00e9quipe de 25 professeurs de musique et plus de 300 \u00e9tudiants. Il a [&hellip;]<\/p>\n","protected":false},"author":1,"featured_media":0,"parent":0,"menu_order":0,"comment_status":"closed","ping_status":"closed","template":"","meta":{"jetpack_post_was_ever_published":false,"footnotes":""},"class_list":["post-90","page","type-page","status-publish","hentry"],"jetpack_sharing_enabled":true,"jetpack_shortlink":"https:\/\/wp.me\/P4UgWB-1s","_links":{"self":[{"href":"https:\/\/www.peternowfel.com\/index.php?rest_route=\/wp\/v2\/pages\/90","targetHints":{"allow":["GET"]}}],"collection":[{"href":"https:\/\/www.peternowfel.com\/index.php?rest_route=\/wp\/v2\/pages"}],"about":[{"href":"https:\/\/www.peternowfel.com\/index.php?rest_route=\/wp\/v2\/types\/page"}],"author":[{"embeddable":true,"href":"https:\/\/www.peternowfel.com\/index.php?rest_route=\/wp\/v2\/users\/1"}],"replies":[{"embeddable":true,"href":"https:\/\/www.peternowfel.com\/index.php?rest_route=%2Fwp%2Fv2%2Fcomments&post=90"}],"version-history":[{"count":33,"href":"https:\/\/www.peternowfel.com\/index.php?rest_route=\/wp\/v2\/pages\/90\/revisions"}],"predecessor-version":[{"id":502,"href":"https:\/\/www.peternowfel.com\/index.php?rest_route=\/wp\/v2\/pages\/90\/revisions\/502"}],"wp:attachment":[{"href":"https:\/\/www.peternowfel.com\/index.php?rest_route=%2Fwp%2Fv2%2Fmedia&parent=90"}],"curies":[{"name":"wp","href":"https:\/\/api.w.org\/{rel}","templated":true}]}}