{"id":91,"date":"2013-04-07T10:15:02","date_gmt":"2013-04-07T09:15:02","guid":{"rendered":"http:\/\/www.peternowfel.com\/?page_id=91"},"modified":"2015-05-08T17:30:10","modified_gmt":"2015-05-08T16:30:10","slug":"professeur","status":"publish","type":"page","link":"https:\/\/www.peternowfel.com\/?page_id=91","title":{"rendered":"[:en]Teacher [:fr]Professeur[:]"},"content":{"rendered":"<p>[:en]<\/p>\n<p style=\"text-align: justify;\"><a href=\"https:\/\/i0.wp.com\/www.peternowfel.com\/wp-content\/uploads\/2013\/04\/PeterRoseTheatre.jpg?ssl=1\"><img data-recalc-dims=\"1\" loading=\"lazy\" decoding=\"async\" class=\" wp-image-21 alignleft\" src=\"https:\/\/i0.wp.com\/www.peternowfel.com\/wp-content\/uploads\/2013\/04\/PeterRoseTheatre.jpg?resize=252%2C186&#038;ssl=1\" alt=\"RoseTheatre London\" width=\"252\" height=\"186\" srcset=\"https:\/\/i0.wp.com\/www.peternowfel.com\/wp-content\/uploads\/2013\/04\/PeterRoseTheatre.jpg?resize=300%2C222&amp;ssl=1 300w, https:\/\/i0.wp.com\/www.peternowfel.com\/wp-content\/uploads\/2013\/04\/PeterRoseTheatre.jpg?w=400&amp;ssl=1 400w\" sizes=\"auto, (max-width: 252px) 100vw, 252px\" \/><\/a>Following a successful London based teaching career, Peter Nowfel has now established a private teaching practice midway between Figeac and Villefranche de Rouergue.<\/p>\n<p style=\"text-align: center;\">Flute \u00a0 \u00a0Clarinet \u00a0 \u00a0Composition<\/p>\n<p>[:fr]<\/p>\n<p style=\"text-align: justify;\"><a href=\"https:\/\/i0.wp.com\/www.peternowfel.com\/wp-content\/uploads\/2013\/04\/PeterRoseTheatre.jpg?ssl=1\"><img data-recalc-dims=\"1\" loading=\"lazy\" decoding=\"async\" class=\" wp-image-21 alignleft\" src=\"https:\/\/i0.wp.com\/www.peternowfel.com\/wp-content\/uploads\/2013\/04\/PeterRoseTheatre.jpg?resize=252%2C186&#038;ssl=1\" alt=\"RoseTheatre London\" width=\"252\" height=\"186\" srcset=\"https:\/\/i0.wp.com\/www.peternowfel.com\/wp-content\/uploads\/2013\/04\/PeterRoseTheatre.jpg?resize=300%2C222&amp;ssl=1 300w, https:\/\/i0.wp.com\/www.peternowfel.com\/wp-content\/uploads\/2013\/04\/PeterRoseTheatre.jpg?w=400&amp;ssl=1 400w\" sizes=\"auto, (max-width: 252px) 100vw, 252px\" \/><\/a><\/p>\n<p style=\"text-align: justify;\">Apr\u00e8s une carri\u00e8re d&rsquo;enseignant bien remplie \u00e0 Londres, Peter NOWFEL s&rsquo;est maintenant \u00e9tabli \u00e0 mi chemin entre Figeac et Villefranche de Rouergue, pour donner des cours priv\u00e9s.<\/p>\n<p style=\"text-align: center;\">Fl\u00fbte Clarinette \u00a0 \u00a0Composition<\/p>\n<p>[:]<\/p>\n","protected":false},"excerpt":{"rendered":"<p>[:en] Following a successful London based teaching career, Peter Nowfel has now established a private teaching practice midway between Figeac and Villefranche de Rouergue. Flute \u00a0 \u00a0Clarinet \u00a0 \u00a0Composition [:fr] Apr\u00e8s une carri\u00e8re d&rsquo;enseignant bien remplie \u00e0 Londres, Peter NOWFEL s&rsquo;est maintenant \u00e9tabli \u00e0 mi chemin entre Figeac et Villefranche de Rouergue, pour donner des [&hellip;]<\/p>\n","protected":false},"author":1,"featured_media":0,"parent":0,"menu_order":0,"comment_status":"closed","ping_status":"closed","template":"","meta":{"jetpack_post_was_ever_published":false,"footnotes":""},"class_list":["post-91","page","type-page","status-publish","hentry"],"jetpack_sharing_enabled":true,"jetpack_shortlink":"https:\/\/wp.me\/P4UgWB-1t","_links":{"self":[{"href":"https:\/\/www.peternowfel.com\/index.php?rest_route=\/wp\/v2\/pages\/91","targetHints":{"allow":["GET"]}}],"collection":[{"href":"https:\/\/www.peternowfel.com\/index.php?rest_route=\/wp\/v2\/pages"}],"about":[{"href":"https:\/\/www.peternowfel.com\/index.php?rest_route=\/wp\/v2\/types\/page"}],"author":[{"embeddable":true,"href":"https:\/\/www.peternowfel.com\/index.php?rest_route=\/wp\/v2\/users\/1"}],"replies":[{"embeddable":true,"href":"https:\/\/www.peternowfel.com\/index.php?rest_route=%2Fwp%2Fv2%2Fcomments&post=91"}],"version-history":[{"count":7,"href":"https:\/\/www.peternowfel.com\/index.php?rest_route=\/wp\/v2\/pages\/91\/revisions"}],"predecessor-version":[{"id":331,"href":"https:\/\/www.peternowfel.com\/index.php?rest_route=\/wp\/v2\/pages\/91\/revisions\/331"}],"wp:attachment":[{"href":"https:\/\/www.peternowfel.com\/index.php?rest_route=%2Fwp%2Fv2%2Fmedia&parent=91"}],"curies":[{"name":"wp","href":"https:\/\/api.w.org\/{rel}","templated":true}]}}